{"id":57044,"date":"2017-05-05T12:19:47","date_gmt":"2017-05-05T10:19:47","guid":{"rendered":"https:\/\/undsgn.com\/uncode\/?page_id=57044"},"modified":"2022-12-19T07:30:56","modified_gmt":"2022-12-19T07:30:56","slug":"services-minimal","status":"publish","type":"page","link":"https:\/\/www.cagdanerdogan.av.tr\/?page_id=57044","title":{"rendered":"\u00c7al\u0131\u015fma Alanlar\u0131"},"content":{"rendered":"<p>[vc_row unlock_row_content=&#8221;yes&#8221; row_height_percent=&#8221;100&#8243; override_padding=&#8221;yes&#8221; h_padding=&#8221;0&#8243; top_padding=&#8221;0&#8243; bottom_padding=&#8221;0&#8243; back_color=&#8221;color-nhtu&#8221; overlay_alpha=&#8221;50&#8243; equal_height=&#8221;yes&#8221; gutter_size=&#8221;3&#8243; shift_y=&#8221;0&#8243;][vc_column column_width_percent=&#8221;100&#8243; gutter_size=&#8221;3&#8243; expand_height=&#8221;yes&#8221; style=&#8221;dark&#8221; overlay_alpha=&#8221;50&#8243; shift_x=&#8221;0&#8243; shift_y=&#8221;0&#8243; z_index=&#8221;0&#8243; medium_width=&#8221;0&#8243; width=&#8221;1\/1&#8243;][vc_row_inner row_inner_height_percent=&#8221;0&#8243; overlay_alpha=&#8221;50&#8243; equal_height=&#8221;yes&#8221; gutter_size=&#8221;0&#8243; shift_y=&#8221;0&#8243; limit_content=&#8221;&#8221;][vc_column_inner column_width_use_pixel=&#8221;yes&#8221; gutter_size=&#8221;3&#8243; expand_height=&#8221;yes&#8221; back_image=&#8221;112432&#8243; back_position=&#8221;right center&#8221; overlay_alpha=&#8221;50&#8243; shift_x=&#8221;0&#8243; shift_y=&#8221;0&#8243; shift_y_down=&#8221;0&#8243; z_index=&#8221;0&#8243; medium_width=&#8221;0&#8243; mobile_width=&#8221;0&#8243; width=&#8221;1\/2&#8243; mobile_height=&#8221;300&#8243; uncode_shortcode_id=&#8221;226909&#8243;][\/vc_column_inner][vc_column_inner column_width_percent=&#8221;90&#8243; position_vertical=&#8221;middle&#8221; gutter_size=&#8221;3&#8243; override_padding=&#8221;yes&#8221; column_padding=&#8221;3&#8243; style=&#8221;dark&#8221; font_family=&#8221;font-193853&#8243; overlay_alpha=&#8221;50&#8243; shift_x=&#8221;0&#8243; shift_y=&#8221;0&#8243; shift_y_down=&#8221;0&#8243; z_index=&#8221;0&#8243; medium_width=&#8221;0&#8243; mobile_width=&#8221;0&#8243; width=&#8221;1\/2&#8243; uncode_shortcode_id=&#8221;175989&#8243;][vc_custom_heading heading_semantic=&#8221;h1&#8243; text_font=&#8221;font-339240&#8243; text_size=&#8221;h1&#8243; text_align=&#8221;text-left&#8221; uncode_shortcode_id=&#8221;134467&#8243;]<span class=\"font-377884\"><strong>\u00c7al\u0131\u015fma Alanlar\u0131<\/strong><\/span>[\/vc_custom_heading][vc_column_text uncode_shortcode_id=&#8221;168934&#8243;]<strong>Ticaret Hukuku<\/strong><\/p>\n<p><strong>\u015eirketler Hukuku<\/strong><\/p>\n<p><strong>Bor\u00e7lar Hukuku <\/strong><\/p>\n<p><strong>Vergi Hukuku<\/strong><\/p>\n<p><strong>\u0130\u015f Hukuku<\/strong><\/p>\n<p><strong>\u0130cra ve \u0130flas Hukuku<\/strong><\/p>\n<p><strong>Medeni Hukuk<\/strong><\/p>\n<p><strong>Ceza Hukuku<\/strong>[\/vc_column_text][\/vc_column_inner][\/vc_row_inner][\/vc_column][\/vc_row]<\/p>\n","protected":false},"excerpt":{"rendered":"<p>[vc_row unlock_row_content=&#8221;yes&#8221; row_height_percent=&#8221;100&#8243; override_padding=&#8221;yes&#8221; h_padding=&#8221;0&#8243; top_padding=&#8221;0&#8243; bottom_padding=&#8221;0&#8243; back_color=&#8221;color-nhtu&#8221; overlay_alpha=&#8221;50&#8243; equal_height=&#8221;yes&#8221; gutter_size=&#8221;3&#8243; shift_y=&#8221;0&#8243;][vc_column column_width_percent=&#8221;100&#8243; gutter_size=&#8221;3&#8243; expand_height=&#8221;yes&#8221; style=&#8221;dark&#8221; overlay_alpha=&#8221;50&#8243; shift_x=&#8221;0&#8243; shift_y=&#8221;0&#8243; z_index=&#8221;0&#8243; [&hellip;]<\/p>\n","protected":false},"author":1,"featured_media":0,"parent":0,"menu_order":0,"comment_status":"closed","ping_status":"closed","template":"","meta":{"footnotes":""},"class_list":["post-57044","page","type-page","status-publish","hentry"],"_links":{"self":[{"href":"https:\/\/www.cagdanerdogan.av.tr\/index.php?rest_route=\/wp\/v2\/pages\/57044","targetHints":{"allow":["GET"]}}],"collection":[{"href":"https:\/\/www.cagdanerdogan.av.tr\/index.php?rest_route=\/wp\/v2\/pages"}],"about":[{"href":"https:\/\/www.cagdanerdogan.av.tr\/index.php?rest_route=\/wp\/v2\/types\/page"}],"author":[{"embeddable":true,"href":"https:\/\/www.cagdanerdogan.av.tr\/index.php?rest_route=\/wp\/v2\/users\/1"}],"replies":[{"embeddable":true,"href":"https:\/\/www.cagdanerdogan.av.tr\/index.php?rest_route=%2Fwp%2Fv2%2Fcomments&post=57044"}],"version-history":[{"count":10,"href":"https:\/\/www.cagdanerdogan.av.tr\/index.php?rest_route=\/wp\/v2\/pages\/57044\/revisions"}],"predecessor-version":[{"id":112543,"href":"https:\/\/www.cagdanerdogan.av.tr\/index.php?rest_route=\/wp\/v2\/pages\/57044\/revisions\/112543"}],"wp:attachment":[{"href":"https:\/\/www.cagdanerdogan.av.tr\/index.php?rest_route=%2Fwp%2Fv2%2Fmedia&parent=57044"}],"curies":[{"name":"wp","href":"https:\/\/api.w.org\/{rel}","templated":true}]}}