{"id":3393,"date":"2014-12-11T13:48:36","date_gmt":"2014-12-11T12:48:36","guid":{"rendered":"https:\/\/undsgn.com\/uncode\/?page_id=3393"},"modified":"2022-12-19T07:38:23","modified_gmt":"2022-12-19T07:38:23","slug":"about-minimal","status":"publish","type":"page","link":"https:\/\/www.cagdanerdogan.av.tr\/","title":{"rendered":"Hakk\u0131nda"},"content":{"rendered":"<p>[vc_row unlock_row_content=&#8221;yes&#8221; row_height_percent=&#8221;100&#8243; override_padding=&#8221;yes&#8221; h_padding=&#8221;0&#8243; top_padding=&#8221;0&#8243; bottom_padding=&#8221;0&#8243; back_color=&#8221;color-nhtu&#8221; overlay_alpha=&#8221;50&#8243; equal_height=&#8221;yes&#8221; gutter_size=&#8221;3&#8243; column_width_percent=&#8221;100&#8243; shift_y=&#8221;0&#8243; z_index=&#8221;0&#8243;][vc_column column_width_percent=&#8221;100&#8243; gutter_size=&#8221;3&#8243; expand_height=&#8221;yes&#8221; style=&#8221;dark&#8221; overlay_alpha=&#8221;50&#8243; shift_x=&#8221;0&#8243; shift_y=&#8221;0&#8243; z_index=&#8221;0&#8243; medium_width=&#8221;0&#8243; width=&#8221;1\/1&#8243;][vc_row_inner row_inner_height_percent=&#8221;0&#8243; overlay_alpha=&#8221;50&#8243; equal_height=&#8221;yes&#8221; gutter_size=&#8221;0&#8243; shift_y=&#8221;0&#8243; limit_content=&#8221;&#8221;][vc_column_inner column_width_use_pixel=&#8221;yes&#8221; gutter_size=&#8221;3&#8243; expand_height=&#8221;yes&#8221; back_image=&#8221;112431&#8243; overlay_alpha=&#8221;50&#8243; shift_x=&#8221;0&#8243; shift_y=&#8221;0&#8243; shift_y_down=&#8221;0&#8243; z_index=&#8221;0&#8243; medium_width=&#8221;0&#8243; mobile_width=&#8221;0&#8243; width=&#8221;1\/2&#8243; mobile_height=&#8221;300&#8243; uncode_shortcode_id=&#8221;774416&#8243;][\/vc_column_inner][vc_column_inner column_width_percent=&#8221;90&#8243; position_vertical=&#8221;middle&#8221; gutter_size=&#8221;3&#8243; override_padding=&#8221;yes&#8221; column_padding=&#8221;2&#8243; style=&#8221;dark&#8221; font_family=&#8221;font-193853&#8243; overlay_alpha=&#8221;50&#8243; shift_x=&#8221;0&#8243; shift_y=&#8221;0&#8243; shift_y_down=&#8221;0&#8243; z_index=&#8221;0&#8243; medium_width=&#8221;0&#8243; mobile_width=&#8221;0&#8243; width=&#8221;1\/2&#8243; uncode_shortcode_id=&#8221;155005&#8243;][vc_custom_heading heading_semantic=&#8221;h1&#8243; text_font=&#8221;font-377884&#8243; text_size=&#8221;h1&#8243; text_align=&#8221;text-left&#8221; uncode_shortcode_id=&#8221;625780&#8243;]Avukat<br \/>\n\u00c7a\u011fdan Erdo\u011fan[\/vc_custom_heading][vc_column_text uncode_shortcode_id=&#8221;671844&#8243;]<\/p>\n<p style=\"text-align: justify; text-justify: inter-word;\"><span class=\"font-377884\">\u00a0 \u00a0 \u00a0 \u00a0Avukat \u00c7a\u011fdan Erdo\u011fan Saint- Benoit Frans\u0131z Lisesi\u2019nden mezun olduktan sonra 2007 y\u0131l\u0131nda \u0130stanbul Ticaret \u00dcniversitesi Hukuk Fak\u00fcltesi\u2019nde lisans e\u011fitimini tamamlam\u0131\u015ft\u0131r. 2007 &#8211; 2011 y\u0131llar\u0131 aras\u0131nda uluslararas\u0131 ve yerel \u015fekilde avukatl\u0131k ile dan\u0131\u015fmanl\u0131k hizmeti sunan hukuk b\u00fcrolar\u0131nda \u00e7al\u0131\u015fm\u0131\u015ft\u0131r. 2011 y\u0131l\u0131nda serbest avukatl\u0131\u011fa ba\u015flayan \u00c7a\u011fdan Erdo\u011fan, \u00e7al\u0131\u015fma alanlar\u0131 ile ilgili olarak 2014 y\u0131l\u0131nda Galatasaray \u00dcniversitesi\u2019nde Ekonomi Hukuku alan\u0131nda y\u00fcksek lisans e\u011fitimini tamamlam\u0131\u015ft\u0131r. \u0130yi derecede frans\u0131zca ve ingilizce bilmektedir.<\/span><\/p>\n<p>[\/vc_column_text][\/vc_column_inner][\/vc_row_inner][\/vc_column][\/vc_row]<\/p>\n","protected":false},"excerpt":{"rendered":"<p>[vc_row unlock_row_content=&#8221;yes&#8221; row_height_percent=&#8221;100&#8243; override_padding=&#8221;yes&#8221; h_padding=&#8221;0&#8243; top_padding=&#8221;0&#8243; bottom_padding=&#8221;0&#8243; back_color=&#8221;color-nhtu&#8221; overlay_alpha=&#8221;50&#8243; equal_height=&#8221;yes&#8221; gutter_size=&#8221;3&#8243; column_width_percent=&#8221;100&#8243; shift_y=&#8221;0&#8243; z_index=&#8221;0&#8243;][vc_column column_width_percent=&#8221;100&#8243; gutter_size=&#8221;3&#8243; expand_height=&#8221;yes&#8221; style=&#8221;dark&#8221; overlay_alpha=&#8221;50&#8243; shift_x=&#8221;0&#8243; [&hellip;]<\/p>\n","protected":false},"author":1,"featured_media":112431,"parent":0,"menu_order":0,"comment_status":"open","ping_status":"closed","template":"","meta":{"footnotes":""},"class_list":["post-3393","page","type-page","status-publish","has-post-thumbnail","hentry"],"_links":{"self":[{"href":"https:\/\/www.cagdanerdogan.av.tr\/index.php?rest_route=\/wp\/v2\/pages\/3393","targetHints":{"allow":["GET"]}}],"collection":[{"href":"https:\/\/www.cagdanerdogan.av.tr\/index.php?rest_route=\/wp\/v2\/pages"}],"about":[{"href":"https:\/\/www.cagdanerdogan.av.tr\/index.php?rest_route=\/wp\/v2\/types\/page"}],"author":[{"embeddable":true,"href":"https:\/\/www.cagdanerdogan.av.tr\/index.php?rest_route=\/wp\/v2\/users\/1"}],"replies":[{"embeddable":true,"href":"https:\/\/www.cagdanerdogan.av.tr\/index.php?rest_route=%2Fwp%2Fv2%2Fcomments&post=3393"}],"version-history":[{"count":28,"href":"https:\/\/www.cagdanerdogan.av.tr\/index.php?rest_route=\/wp\/v2\/pages\/3393\/revisions"}],"predecessor-version":[{"id":112546,"href":"https:\/\/www.cagdanerdogan.av.tr\/index.php?rest_route=\/wp\/v2\/pages\/3393\/revisions\/112546"}],"wp:featuredmedia":[{"embeddable":true,"href":"https:\/\/www.cagdanerdogan.av.tr\/index.php?rest_route=\/wp\/v2\/media\/112431"}],"wp:attachment":[{"href":"https:\/\/www.cagdanerdogan.av.tr\/index.php?rest_route=%2Fwp%2Fv2%2Fmedia&parent=3393"}],"curies":[{"name":"wp","href":"https:\/\/api.w.org\/{rel}","templated":true}]}}