{"id":112386,"date":"2022-08-29T07:51:26","date_gmt":"2022-08-29T07:51:26","guid":{"rendered":"https:\/\/www.cagdanerdogan.av.tr\/?page_id=112386"},"modified":"2022-12-19T07:40:09","modified_gmt":"2022-12-19T07:40:09","slug":"666-2","status":"publish","type":"page","link":"https:\/\/www.cagdanerdogan.av.tr\/?page_id=112386&lang=fr","title":{"rendered":"\u00c0 propos de"},"content":{"rendered":"<p>[vc_row unlock_row_content=&#8221;yes&#8221; row_height_percent=&#8221;100&#8243; override_padding=&#8221;yes&#8221; h_padding=&#8221;0&#8243; top_padding=&#8221;0&#8243; bottom_padding=&#8221;0&#8243; back_color=&#8221;color-nhtu&#8221; overlay_alpha=&#8221;50&#8243; equal_height=&#8221;yes&#8221; gutter_size=&#8221;3&#8243; column_width_percent=&#8221;100&#8243; shift_y=&#8221;0&#8243; z_index=&#8221;0&#8243;][vc_column column_width_percent=&#8221;100&#8243; gutter_size=&#8221;3&#8243; expand_height=&#8221;yes&#8221; style=&#8221;dark&#8221; overlay_alpha=&#8221;50&#8243; shift_x=&#8221;0&#8243; shift_y=&#8221;0&#8243; z_index=&#8221;0&#8243; medium_width=&#8221;0&#8243; width=&#8221;1\/1&#8243;][vc_row_inner row_inner_height_percent=&#8221;0&#8243; overlay_alpha=&#8221;50&#8243; equal_height=&#8221;yes&#8221; gutter_size=&#8221;0&#8243; shift_y=&#8221;0&#8243; limit_content=&#8221;&#8221;][vc_column_inner column_width_use_pixel=&#8221;yes&#8221; gutter_size=&#8221;3&#8243; expand_height=&#8221;yes&#8221; back_image=&#8221;112442&#8243; overlay_alpha=&#8221;50&#8243; shift_x=&#8221;0&#8243; shift_y=&#8221;0&#8243; shift_y_down=&#8221;0&#8243; z_index=&#8221;0&#8243; medium_width=&#8221;0&#8243; mobile_width=&#8221;0&#8243; width=&#8221;1\/2&#8243; mobile_height=&#8221;300&#8243; uncode_shortcode_id=&#8221;138027&#8243;][\/vc_column_inner][vc_column_inner column_width_percent=&#8221;90&#8243; position_vertical=&#8221;middle&#8221; gutter_size=&#8221;3&#8243; override_padding=&#8221;yes&#8221; column_padding=&#8221;3&#8243; style=&#8221;dark&#8221; font_family=&#8221;font-193853&#8243; overlay_alpha=&#8221;50&#8243; shift_x=&#8221;0&#8243; shift_y=&#8221;0&#8243; shift_y_down=&#8221;0&#8243; z_index=&#8221;0&#8243; medium_width=&#8221;0&#8243; mobile_width=&#8221;0&#8243; width=&#8221;1\/2&#8243; uncode_shortcode_id=&#8221;145834&#8243;][vc_custom_heading heading_semantic=&#8221;h1&#8243; text_font=&#8221;font-339240&#8243; text_size=&#8221;h1&#8243; text_align=&#8221;text-left&#8221; uncode_shortcode_id=&#8221;148647&#8243;]<span class=\"font-377884\">\u00c7a\u011fdan Erdo\u011fan, LL.M.<\/span>[\/vc_custom_heading][vc_column_text uncode_shortcode_id=&#8221;109430&#8243;]<\/p>\n<p style=\"text-align: justify; text-justify: inter-word;\"><span class=\"font-377884\">\u00a0 \u00a0 \u00a0 \u00a0 D\u2019apr\u00e8s d\u2019\u00e9tre diplom\u00e9 du lyc\u00e9e Saint-Benoit \u00c7a\u011fdan Erdo\u011fan a fini ses \u00e9tudes de droit \u00e0 l\u2019Universit\u00e9 du Commerce d\u2019\u0130stanbul en 2007. Pendant les ann\u00e9es 2007-2011 Il a travaill\u00e9 dans des cabinets juridiques qui offrent des services locales et internationales. En 2011 il a cr\u00e9e son propre cabinet juridique. En plus, pour d\u00e9velopper ses domaines de comp\u00e9tence il a fini ses \u00e9tudes de ma\u00eetrise en droit de l\u2019\u00e9conomie \u00e0 l\u2019Universite de Galatasaray en 2014. \u00c7a\u011fdan Erdo\u011fan ma\u00eetrise bien fran\u00e7ais et anglais.<\/span><\/p>\n<p>[\/vc_column_text][\/vc_column_inner][\/vc_row_inner][\/vc_column][\/vc_row]<\/p>\n","protected":false},"excerpt":{"rendered":"<p>[vc_row unlock_row_content=&#8221;yes&#8221; row_height_percent=&#8221;100&#8243; override_padding=&#8221;yes&#8221; h_padding=&#8221;0&#8243; top_padding=&#8221;0&#8243; bottom_padding=&#8221;0&#8243; back_color=&#8221;color-nhtu&#8221; overlay_alpha=&#8221;50&#8243; equal_height=&#8221;yes&#8221; gutter_size=&#8221;3&#8243; column_width_percent=&#8221;100&#8243; shift_y=&#8221;0&#8243; z_index=&#8221;0&#8243;][vc_column column_width_percent=&#8221;100&#8243; gutter_size=&#8221;3&#8243; expand_height=&#8221;yes&#8221; style=&#8221;dark&#8221; overlay_alpha=&#8221;50&#8243; shift_x=&#8221;0&#8243; [&hellip;]<\/p>\n","protected":false},"author":1,"featured_media":0,"parent":0,"menu_order":0,"comment_status":"open","ping_status":"closed","template":"","meta":{"footnotes":""},"class_list":["post-112386","page","type-page","status-publish","hentry"],"_links":{"self":[{"href":"https:\/\/www.cagdanerdogan.av.tr\/index.php?rest_route=\/wp\/v2\/pages\/112386","targetHints":{"allow":["GET"]}}],"collection":[{"href":"https:\/\/www.cagdanerdogan.av.tr\/index.php?rest_route=\/wp\/v2\/pages"}],"about":[{"href":"https:\/\/www.cagdanerdogan.av.tr\/index.php?rest_route=\/wp\/v2\/types\/page"}],"author":[{"embeddable":true,"href":"https:\/\/www.cagdanerdogan.av.tr\/index.php?rest_route=\/wp\/v2\/users\/1"}],"replies":[{"embeddable":true,"href":"https:\/\/www.cagdanerdogan.av.tr\/index.php?rest_route=%2Fwp%2Fv2%2Fcomments&post=112386"}],"version-history":[{"count":12,"href":"https:\/\/www.cagdanerdogan.av.tr\/index.php?rest_route=\/wp\/v2\/pages\/112386\/revisions"}],"predecessor-version":[{"id":112547,"href":"https:\/\/www.cagdanerdogan.av.tr\/index.php?rest_route=\/wp\/v2\/pages\/112386\/revisions\/112547"}],"wp:attachment":[{"href":"https:\/\/www.cagdanerdogan.av.tr\/index.php?rest_route=%2Fwp%2Fv2%2Fmedia&parent=112386"}],"curies":[{"name":"wp","href":"https:\/\/api.w.org\/{rel}","templated":true}]}}