{"id":112385,"date":"2022-08-29T07:51:47","date_gmt":"2022-08-29T07:51:47","guid":{"rendered":"https:\/\/www.cagdanerdogan.av.tr\/?page_id=112385"},"modified":"2022-12-19T07:40:34","modified_gmt":"2022-12-19T07:40:34","slug":"6666-2","status":"publish","type":"page","link":"https:\/\/www.cagdanerdogan.av.tr\/?page_id=112385&lang=en","title":{"rendered":"About"},"content":{"rendered":"<p>[vc_row unlock_row_content=&#8221;yes&#8221; row_height_percent=&#8221;100&#8243; override_padding=&#8221;yes&#8221; h_padding=&#8221;0&#8243; top_padding=&#8221;0&#8243; bottom_padding=&#8221;0&#8243; back_color=&#8221;color-nhtu&#8221; overlay_alpha=&#8221;50&#8243; equal_height=&#8221;yes&#8221; gutter_size=&#8221;3&#8243; column_width_percent=&#8221;100&#8243; shift_y=&#8221;0&#8243; z_index=&#8221;0&#8243;][vc_column column_width_percent=&#8221;100&#8243; gutter_size=&#8221;3&#8243; expand_height=&#8221;yes&#8221; style=&#8221;dark&#8221; overlay_alpha=&#8221;50&#8243; shift_x=&#8221;0&#8243; shift_y=&#8221;0&#8243; z_index=&#8221;0&#8243; medium_width=&#8221;0&#8243; width=&#8221;1\/1&#8243;][vc_row_inner row_inner_height_percent=&#8221;0&#8243; overlay_alpha=&#8221;50&#8243; equal_height=&#8221;yes&#8221; gutter_size=&#8221;0&#8243; shift_y=&#8221;0&#8243; limit_content=&#8221;&#8221;][vc_column_inner column_width_use_pixel=&#8221;yes&#8221; gutter_size=&#8221;3&#8243; expand_height=&#8221;yes&#8221; back_image=&#8221;112440&#8243; overlay_alpha=&#8221;50&#8243; shift_x=&#8221;0&#8243; shift_y=&#8221;0&#8243; shift_y_down=&#8221;0&#8243; z_index=&#8221;0&#8243; medium_width=&#8221;0&#8243; mobile_width=&#8221;0&#8243; width=&#8221;1\/2&#8243; mobile_height=&#8221;300&#8243; uncode_shortcode_id=&#8221;186167&#8243;][\/vc_column_inner][vc_column_inner column_width_percent=&#8221;90&#8243; position_vertical=&#8221;middle&#8221; gutter_size=&#8221;2&#8243; override_padding=&#8221;yes&#8221; column_padding=&#8221;2&#8243; style=&#8221;dark&#8221; font_family=&#8221;font-193853&#8243; overlay_alpha=&#8221;50&#8243; shift_x=&#8221;0&#8243; shift_y=&#8221;0&#8243; shift_y_down=&#8221;0&#8243; z_index=&#8221;0&#8243; medium_width=&#8221;0&#8243; mobile_width=&#8221;0&#8243; width=&#8221;1\/2&#8243; uncode_shortcode_id=&#8221;187523&#8243;][vc_custom_heading heading_semantic=&#8221;h1&#8243; text_font=&#8221;font-377884&#8243; text_size=&#8221;h1&#8243; text_align=&#8221;text-left&#8221; uncode_shortcode_id=&#8221;186964&#8243;]\u00c7a\u011fdan Erdo\u011fan, LL.M.[\/vc_custom_heading][vc_column_text uncode_shortcode_id=&#8221;174961&#8243;]<\/p>\n<p style=\"text-align: justify; text-justify: inter-word;\"><span class=\"font-377884\">\u00a0 \u00a0 \u00a0 \u00a0 \u00a0\u00c7a\u011fdan Erdo\u011fan, graduated from Saint Benoit French Lyc\u00e9e and has completed his bachelor degree on 2007 at Istanbul Commerce University Department of Law. Between the years 2007-2011 he worked in law firms that played an important role internationally and locally; gave support as attorney at law and as advisor. In 2011, \u00c7a\u011fdan Erdo\u011fan opened his office and started working freelance. As master&#8217;s of degree he completed his education in 2014 in Galatasaray University in the field of Law of Economics. As a foreign language; he knows French and English in advanced proficiency level.<\/span><\/p>\n<p>[\/vc_column_text][\/vc_column_inner][\/vc_row_inner][\/vc_column][\/vc_row]<\/p>\n","protected":false},"excerpt":{"rendered":"<p>[vc_row unlock_row_content=&#8221;yes&#8221; row_height_percent=&#8221;100&#8243; override_padding=&#8221;yes&#8221; h_padding=&#8221;0&#8243; top_padding=&#8221;0&#8243; bottom_padding=&#8221;0&#8243; back_color=&#8221;color-nhtu&#8221; overlay_alpha=&#8221;50&#8243; equal_height=&#8221;yes&#8221; gutter_size=&#8221;3&#8243; column_width_percent=&#8221;100&#8243; shift_y=&#8221;0&#8243; z_index=&#8221;0&#8243;][vc_column column_width_percent=&#8221;100&#8243; gutter_size=&#8221;3&#8243; expand_height=&#8221;yes&#8221; style=&#8221;dark&#8221; overlay_alpha=&#8221;50&#8243; shift_x=&#8221;0&#8243; [&hellip;]<\/p>\n","protected":false},"author":1,"featured_media":0,"parent":0,"menu_order":0,"comment_status":"open","ping_status":"closed","template":"","meta":{"footnotes":""},"class_list":["post-112385","page","type-page","status-publish","hentry"],"_links":{"self":[{"href":"https:\/\/www.cagdanerdogan.av.tr\/index.php?rest_route=\/wp\/v2\/pages\/112385","targetHints":{"allow":["GET"]}}],"collection":[{"href":"https:\/\/www.cagdanerdogan.av.tr\/index.php?rest_route=\/wp\/v2\/pages"}],"about":[{"href":"https:\/\/www.cagdanerdogan.av.tr\/index.php?rest_route=\/wp\/v2\/types\/page"}],"author":[{"embeddable":true,"href":"https:\/\/www.cagdanerdogan.av.tr\/index.php?rest_route=\/wp\/v2\/users\/1"}],"replies":[{"embeddable":true,"href":"https:\/\/www.cagdanerdogan.av.tr\/index.php?rest_route=%2Fwp%2Fv2%2Fcomments&post=112385"}],"version-history":[{"count":16,"href":"https:\/\/www.cagdanerdogan.av.tr\/index.php?rest_route=\/wp\/v2\/pages\/112385\/revisions"}],"predecessor-version":[{"id":112523,"href":"https:\/\/www.cagdanerdogan.av.tr\/index.php?rest_route=\/wp\/v2\/pages\/112385\/revisions\/112523"}],"wp:attachment":[{"href":"https:\/\/www.cagdanerdogan.av.tr\/index.php?rest_route=%2Fwp%2Fv2%2Fmedia&parent=112385"}],"curies":[{"name":"wp","href":"https:\/\/api.w.org\/{rel}","templated":true}]}}